{"id":150,"date":"2015-06-23T09:49:21","date_gmt":"2015-06-23T07:49:21","guid":{"rendered":"http:\/\/www.dnvsport.sk\/?page_id=150"},"modified":"2015-06-23T10:10:28","modified_gmt":"2015-06-23T08:10:28","slug":"stolnotenisovy-klub-dnv","status":"publish","type":"page","link":"https:\/\/www.dnvsport.sk\/?page_id=150","title":{"rendered":"Stolnotenisov\u00fd klub DNV"},"content":{"rendered":"<p style=\"text-align: center;\"><a href=\"https:\/\/www.dnvsport.sk\/wp-content\/uploads\/2015\/06\/pingpong.jpg\"><img loading=\"lazy\" decoding=\"async\" class=\" size-medium wp-image-166 aligncenter\" src=\"https:\/\/www.dnvsport.sk\/wp-content\/uploads\/2015\/06\/pingpong-300x225.jpg\" alt=\"pingpong\" width=\"300\" height=\"225\" srcset=\"https:\/\/www.dnvsport.sk\/wp-content\/uploads\/2015\/06\/pingpong-300x225.jpg 300w, https:\/\/www.dnvsport.sk\/wp-content\/uploads\/2015\/06\/pingpong.jpg 912w\" sizes=\"auto, (max-width: 300px) 100vw, 300px\" \/><\/a><\/p>\n<p style=\"text-align: center;\">\n<p style=\"text-align: center;\">\n<p style=\"text-align: justify;\">\u00a0\u00a0\u00a0\u00a0\u00a0 Skupina stolnotenisov\u00fdch nad\u0161encov sa spojila a zalo\u017eila v m\u00e1ji 2009 stolnotenisov\u00fd klub s n\u00e1zvom\u00a0<b>STK DNV<\/b>.<br \/>\nV\u010faka podpore mestskej \u010dasti Dev\u00ednska Nov\u00e1 Ves a riadite\u013eky Z\u00e1kladnej \u0161koly Ivana Bukov\u010dana,\u00a0<b>Mgr. Ren\u00e1ty Balogovej<\/b>, na\u0161iel klub vyhovuj\u00face podmienky pre svoju \u010dinnos\u0165 v priestoroch \u0161koly.<br \/>\nPoslan\u00edm klubu je vytv\u00e1ra\u0165 podmienky pre uspokojovanie z\u00e1ujmov a potrieb svojich \u010dlenov a ostatnej verejnosti v oblasti stoln\u00e9ho tenisu, ktor\u00e9 prispievaj\u00fa k z\u00edskaniu a rozvoju pohybov\u00fdch zru\u010dnost\u00ed, schopnost\u00ed, teoretick\u00fdch vedomost\u00ed, k upev\u0148ovaniu fyzick\u00e9ho a du\u0161evn\u00e9ho zdravia, formovania osobnosti a k spolo\u010densky vhodn\u00e9mu tr\u00e1veniu vo\u013en\u00e9ho \u010dasu. Klub chce pokra\u010dova\u0165 v trad\u00edcii stoln\u00e9ho tenisu v Dev\u00ednskej Novej Vsi, kde sa v \u0161atniach miestnej tehelne hr\u00e1val stoln\u00fd tenis a hrala sa tu i ligov\u00e1 s\u00fa\u0165a\u017e. Z tejto liahne vzi\u0161iel aj prvoligov\u00fd hr\u00e1\u010d\u00a0<b>Gabo Fratri\u010d<\/b>.<br \/>\nV s\u00fa\u010dasnej dobe klub tvoria dru\u017estv\u00e1 dospel\u00fdch, dorastencov a star\u0161\u00edch \u017eiakov, ktor\u00e9 hraj\u00fa ligov\u00e9 s\u00fa\u0165a\u017ee v Bratislave.<br \/>\nStolnotenisov\u00fd klub t\u00fdmto poz\u00fdva chlapcov, diev\u010dat\u00e1, mu\u017eov a \u017eeny, ktor\u00ed maj\u00fa z\u00e1ujem hra\u0165 stoln\u00fd tenis rekrea\u010dne, alebo sa chc\u00fa za\u010dleni\u0165 do ligov\u00fdch dru\u017estiev na tr\u00e9ningy, ktor\u00e9 s\u00fa organizovan\u00e9 v objekte\u00a0<b>Z\u00e1kladnej \u0161koly Ivana Bukov\u010dana 3<\/b>.<\/p>\n<div>\n<div style=\"text-align: justify;\">Viac tu: <a href=\"http:\/\/stkdnv.webnode.sk\/?utm_source=copy&amp;utm_medium=paste&amp;utm_campaign=copypaste&amp;utm_content=http%3A%2F%2Fstkdnv.webnode.sk%2F\">http:\/\/stkdnv.webnode.sk\/<\/a><\/div>\n<\/div>\n","protected":false},"excerpt":{"rendered":"<p>\u00a0\u00a0\u00a0\u00a0\u00a0 Skupina stolnotenisov\u00fdch nad\u0161encov sa spojila a zalo\u017eila v m\u00e1ji 2009 stolnotenisov\u00fd klub s n\u00e1zvom\u00a0STK DNV. V\u010faka podpore mestskej \u010dasti<span class=\"ellipsis\">&hellip;<a href=\"https:\/\/www.dnvsport.sk\/?page_id=150\"> Pokra\u010dova\u0165 v \u010d\u00edtan\u00ed &#8250;&#8250;<\/a><\/span><\/p>\n","protected":false},"author":1,"featured_media":0,"parent":148,"menu_order":1,"comment_status":"closed","ping_status":"closed","template":"","meta":{"footnotes":""},"class_list":["post-150","page","type-page","status-publish","hentry"],"_links":{"self":[{"href":"https:\/\/www.dnvsport.sk\/index.php?rest_route=\/wp\/v2\/pages\/150","targetHints":{"allow":["GET"]}}],"collection":[{"href":"https:\/\/www.dnvsport.sk\/index.php?rest_route=\/wp\/v2\/pages"}],"about":[{"href":"https:\/\/www.dnvsport.sk\/index.php?rest_route=\/wp\/v2\/types\/page"}],"author":[{"embeddable":true,"href":"https:\/\/www.dnvsport.sk\/index.php?rest_route=\/wp\/v2\/users\/1"}],"replies":[{"embeddable":true,"href":"https:\/\/www.dnvsport.sk\/index.php?rest_route=%2Fwp%2Fv2%2Fcomments&post=150"}],"version-history":[{"count":4,"href":"https:\/\/www.dnvsport.sk\/index.php?rest_route=\/wp\/v2\/pages\/150\/revisions"}],"predecessor-version":[{"id":168,"href":"https:\/\/www.dnvsport.sk\/index.php?rest_route=\/wp\/v2\/pages\/150\/revisions\/168"}],"up":[{"embeddable":true,"href":"https:\/\/www.dnvsport.sk\/index.php?rest_route=\/wp\/v2\/pages\/148"}],"wp:attachment":[{"href":"https:\/\/www.dnvsport.sk\/index.php?rest_route=%2Fwp%2Fv2%2Fmedia&parent=150"}],"curies":[{"name":"wp","href":"https:\/\/api.w.org\/{rel}","templated":true}]}}