{"id":187,"date":"2016-03-08T10:50:23","date_gmt":"2016-03-08T08:50:23","guid":{"rendered":"http:\/\/www.dnvsport.sk\/?page_id=187"},"modified":"2026-01-28T15:58:22","modified_gmt":"2026-01-28T13:58:22","slug":"objednavky","status":"publish","type":"page","link":"https:\/\/www.dnvsport.sk\/?page_id=187","title":{"rendered":"Objedn\u00e1vky"},"content":{"rendered":"<p><span style=\"color: #3366ff;\"><strong><a style=\"color: #3366ff;\" href=\"https:\/\/www.dnvsport.sk\/wp-content\/uploads\/2016\/03\/objedn\u00e1vky-1.htm\">2011 objedn\u00e1vky <\/a><\/strong><\/span><br \/><span style=\"color: #3366ff;\"> <strong> <a style=\"color: #3366ff;\" href=\"https:\/\/www.dnvsport.sk\/wp-content\/uploads\/2016\/03\/objedn\u00e1vky-3.htm\">2012 objedn\u00e1vky<\/a><\/strong><\/span><br \/><span style=\"color: #3366ff;\"> <strong> <a style=\"color: #3366ff;\" href=\"https:\/\/www.dnvsport.sk\/wp-content\/uploads\/2016\/03\/objedn\u00e1vky-4.htm\">2013 objedn\u00e1vky<\/a><\/strong><\/span><br \/><span style=\"color: #3366ff;\"> <strong> <a style=\"color: #3366ff;\" href=\"https:\/\/www.dnvsport.sk\/wp-content\/uploads\/2016\/03\/objedn\u00e1vky-6.htm\">2014 objedn\u00e1vky<\/a><\/strong><\/span><br \/><span style=\"color: #3366ff;\"> <strong> <a style=\"color: #3366ff;\" href=\"https:\/\/www.dnvsport.sk\/wp-content\/uploads\/2016\/03\/objedn\u00e1vky.2015xls-2.htm\">2015 objedn\u00e1vky<br \/><\/a><a style=\"color: #3366ff;\" href=\"https:\/\/www.dnvsport.sk\/wp-content\/uploads\/2016\/03\/objedn\u00e1vky-2016-1.pdf\">2016 objedn\u00e1vky<\/a><\/strong><\/span><br \/><span style=\"color: #3366ff;\"> <a style=\"color: #3366ff;\" href=\"https:\/\/www.dnvsport.sk\/wp-content\/uploads\/2018\/03\/objedn\u00e1vky-2017-exel.pdf\"><strong>2017 objedn\u00e1vky<\/strong><\/a><\/span><br \/><strong><a href=\"https:\/\/www.dnvsport.sk\/wp-content\/uploads\/2020\/01\/objedn\u00e1vky-2018.pdf\">2018 objedn\u00e1vky<\/a><\/strong><br \/><span style=\"color: #3366ff;\"> <strong><a href=\"https:\/\/www.dnvsport.sk\/wp-content\/uploads\/2020\/01\/objedn\u00e1vky-2019.pdf\">2019 objedn\u00e1vky<\/a><\/strong><\/span><br \/><strong><a href=\"https:\/\/www.dnvsport.sk\/wp-content\/uploads\/2020\/12\/objedn\u00e1vky-2020.pdf\">2020 objedn\u00e1vky<\/a><br \/><a href=\"https:\/\/www.dnvsport.sk\/wp-content\/uploads\/2023\/01\/2021_objednavky.pdf\">2021 objedn\u00e1vky<\/a><br \/><a href=\"https:\/\/www.dnvsport.sk\/wp-content\/uploads\/2023\/02\/objednavky-2022.pdf\">2022 objedn\u00e1vky<\/a><br \/><a href=\"https:\/\/www.dnvsport.sk\/wp-content\/uploads\/2024\/01\/objednavky-2023.pdf\">2023 objedn\u00e1vky<\/a><br \/><a href=\"https:\/\/www.dnvsport.sk\/wp-content\/uploads\/2025\/11\/objednavky-2024.pdf\">2024 objedn\u00e1vky<\/a><br \/><a href=\"https:\/\/www.dnvsport.sk\/wp-content\/uploads\/2026\/01\/objednavky-2025.pdf\">2025 objedn\u00e1vky<\/a><br \/><a href=\"https:\/\/www.dnvsport.sk\/wp-content\/uploads\/2026\/01\/objednavky-2026.pdf\">2026 objedn\u00e1vky<\/a><\/strong><\/p>\n\n\n<p><\/p>\n","protected":false},"excerpt":{"rendered":"<p>2011 objedn\u00e1vky 2012 objedn\u00e1vky 2013 objedn\u00e1vky 2014 objedn\u00e1vky 2015 objedn\u00e1vky2016 objedn\u00e1vky 2017 objedn\u00e1vky2018 objedn\u00e1vky 2019 objedn\u00e1vky2020 objedn\u00e1vky2021 objedn\u00e1vky2022 objedn\u00e1vky2023 objedn\u00e1vky2024<span class=\"ellipsis\">&hellip;<a href=\"https:\/\/www.dnvsport.sk\/?page_id=187\"> Pokra\u010dova\u0165 v \u010d\u00edtan\u00ed &#8250;&#8250;<\/a><\/span><\/p>\n","protected":false},"author":3,"featured_media":0,"parent":181,"menu_order":2,"comment_status":"closed","ping_status":"closed","template":"","meta":{"footnotes":""},"class_list":["post-187","page","type-page","status-publish","hentry"],"_links":{"self":[{"href":"https:\/\/www.dnvsport.sk\/index.php?rest_route=\/wp\/v2\/pages\/187","targetHints":{"allow":["GET"]}}],"collection":[{"href":"https:\/\/www.dnvsport.sk\/index.php?rest_route=\/wp\/v2\/pages"}],"about":[{"href":"https:\/\/www.dnvsport.sk\/index.php?rest_route=\/wp\/v2\/types\/page"}],"author":[{"embeddable":true,"href":"https:\/\/www.dnvsport.sk\/index.php?rest_route=\/wp\/v2\/users\/3"}],"replies":[{"embeddable":true,"href":"https:\/\/www.dnvsport.sk\/index.php?rest_route=%2Fwp%2Fv2%2Fcomments&post=187"}],"version-history":[{"count":64,"href":"https:\/\/www.dnvsport.sk\/index.php?rest_route=\/wp\/v2\/pages\/187\/revisions"}],"predecessor-version":[{"id":1267,"href":"https:\/\/www.dnvsport.sk\/index.php?rest_route=\/wp\/v2\/pages\/187\/revisions\/1267"}],"up":[{"embeddable":true,"href":"https:\/\/www.dnvsport.sk\/index.php?rest_route=\/wp\/v2\/pages\/181"}],"wp:attachment":[{"href":"https:\/\/www.dnvsport.sk\/index.php?rest_route=%2Fwp%2Fv2%2Fmedia&parent=187"}],"curies":[{"name":"wp","href":"https:\/\/api.w.org\/{rel}","templated":true}]}}