{"id":2,"date":"2014-03-05T09:51:44","date_gmt":"2014-03-05T09:51:44","guid":{"rendered":"http:\/\/www.dnvsport.sk\/?page_id=2"},"modified":"2025-12-16T09:10:44","modified_gmt":"2025-12-16T07:10:44","slug":"ukazka-strany","status":"publish","type":"page","link":"https:\/\/www.dnvsport.sk\/?page_id=2","title":{"rendered":"Kontakt"},"content":{"rendered":"<p><span class=\"ra\"><strong>DNV \u0160PORT, spol. s r.o.<\/strong><br \/>\nV\u00e1pencov\u00e1 34<br \/>\n841 08\u00a0 Bratislava IV.<br \/>\n<\/span>I\u010cO: <span class=\"ra\">35 919 264<br \/>\n<a href=\"http:\/\/www.orsr.sk\/vypis.asp?ID=50454&amp;SID=2&amp;P=0\" target=\"_blank\" rel=\"noopener noreferrer\">z\u00e1pis v obchodnom registri<\/a><br \/>\n<\/span><\/p>\n<p>e-mail:konatel@dnvsport.sk<\/p>\n<p>office@dnvsport.sk<\/p>\n<p><strong>Kontakt na konate\u013ea:<\/strong> Mgr. J\u00e1n Hullman<br \/>\n<strong>mobil:<\/strong> 0907594669<\/p>\n<p><strong>\u00daradn\u00e9 hodiny:<br \/>\nPondelok-Piatok:<br \/>\n8:00 &#8211; 14:00<br \/>\n<\/strong><\/p>\n","protected":false},"excerpt":{"rendered":"<p>DNV \u0160PORT, spol. s r.o. V\u00e1pencov\u00e1 34 841 08\u00a0 Bratislava IV. I\u010cO: 35 919 264 z\u00e1pis v obchodnom registri e-mail:konatel@dnvsport.sk<span class=\"ellipsis\">&hellip;<a href=\"https:\/\/www.dnvsport.sk\/?page_id=2\"> Pokra\u010dova\u0165 v \u010d\u00edtan\u00ed &#8250;&#8250;<\/a><\/span><\/p>\n","protected":false},"author":1,"featured_media":0,"parent":0,"menu_order":10,"comment_status":"closed","ping_status":"closed","template":"","meta":{"footnotes":""},"class_list":["post-2","page","type-page","status-publish","hentry"],"_links":{"self":[{"href":"https:\/\/www.dnvsport.sk\/index.php?rest_route=\/wp\/v2\/pages\/2","targetHints":{"allow":["GET"]}}],"collection":[{"href":"https:\/\/www.dnvsport.sk\/index.php?rest_route=\/wp\/v2\/pages"}],"about":[{"href":"https:\/\/www.dnvsport.sk\/index.php?rest_route=\/wp\/v2\/types\/page"}],"author":[{"embeddable":true,"href":"https:\/\/www.dnvsport.sk\/index.php?rest_route=\/wp\/v2\/users\/1"}],"replies":[{"embeddable":true,"href":"https:\/\/www.dnvsport.sk\/index.php?rest_route=%2Fwp%2Fv2%2Fcomments&post=2"}],"version-history":[{"count":15,"href":"https:\/\/www.dnvsport.sk\/index.php?rest_route=\/wp\/v2\/pages\/2\/revisions"}],"predecessor-version":[{"id":1248,"href":"https:\/\/www.dnvsport.sk\/index.php?rest_route=\/wp\/v2\/pages\/2\/revisions\/1248"}],"wp:attachment":[{"href":"https:\/\/www.dnvsport.sk\/index.php?rest_route=%2Fwp%2Fv2%2Fmedia&parent=2"}],"curies":[{"name":"wp","href":"https:\/\/api.w.org\/{rel}","templated":true}]}}