{"id":86,"date":"2015-01-13T12:04:41","date_gmt":"2015-01-13T10:04:41","guid":{"rendered":"http:\/\/www.dnvsport.sk\/?page_id=86"},"modified":"2026-01-09T09:25:47","modified_gmt":"2026-01-09T07:25:47","slug":"faktury","status":"publish","type":"page","link":"https:\/\/www.dnvsport.sk\/?page_id=86","title":{"rendered":"Fakt\u00fary"},"content":{"rendered":"\n<p><\/p>\n\n\n\n<p><a href=\"https:\/\/www.dnvsport.sk\/wp-content\/uploads\/2015\/01\/DNV-\u0160PORT-Prijat\u00e9-fakt\u00fary-2011.pdf\">DNV \u0160PORT Prijat\u00e9 fakt\u00fary 2011<\/a><br><a href=\"https:\/\/www.dnvsport.sk\/wp-content\/uploads\/2015\/01\/DNV-\u0160PORT-Prijat\u00e9-fakt\u00fary-2012.pdf\">DNV \u0160PORT Prijat\u00e9 fakt\u00fary 2012<br><\/a><a href=\"https:\/\/www.dnvsport.sk\/wp-content\/uploads\/2015\/01\/DNV-\u0160PORT-Prijat\u00e9-fakt\u00fary-2013.pdf\">DNV \u0160PORT Prijat\u00e9 fakt\u00fary 2013<br><\/a><a href=\"https:\/\/www.dnvsport.sk\/wp-content\/uploads\/2015\/01\/DNV-\u0160PORT-Prijat\u00e9-fakt\u00fary-2014.pdf\">DNV \u0160PORT Prijat\u00e9 fakt\u00fary 2014<br><\/a><a href=\"https:\/\/www.dnvsport.sk\/wp-content\/uploads\/2015\/01\/DNV-\u0160PORT-prijat\u00e9-fakt\u00fary-2015.pdf\">DNV \u0160PORT prijat\u00e9 fakt\u00fary 2015<\/a><br><a href=\"https:\/\/www.dnvsport.sk\/wp-content\/uploads\/2015\/01\/K\u00f3pia-DNV-\u0160PORT-prijat\u00e9-fakt\u00fary-01-03-2016.htm\">DNV \u0160PORT prijat\u00e9 fakt\u00fary 01-03-2016<\/a><br><a href=\"https:\/\/www.dnvsport.sk\/wp-content\/uploads\/2015\/01\/K\u00f3pia-DNV-\u0160PORT-prijat\u00e9-fakt\u00fary-0405-2016.pdf\"> DNV \u0160PORT prijat\u00e9 fakt\u00fary 04,05-2016<\/a><br><a href=\"https:\/\/www.dnvsport.sk\/wp-content\/uploads\/2015\/01\/K\u00f3pia-DNV_\u0160PORT_prijat\u00e9_fakt\u00fary_0607-2016.pdf\">DNV \u0160PORT prijat\u00e9 fakt\u00fary 06,07 &#8211; 2016<br><\/a><a href=\"https:\/\/www.dnvsport.sk\/wp-content\/uploads\/2015\/01\/K\u00f3pia-DNV-\u0160PORT-prijat\u00e9-fakt\u00fary-0405-2016.pdf\">D<\/a><a href=\"https:\/\/www.dnvsport.sk\/wp-content\/uploads\/2015\/01\/DNV_\u0160PORT_prijat\u00e9_fakt\u00fary_0809-2016.pdf\">NV \u0160PORT prijat\u00e9 fakt\u00fary 08,09- 2016<\/a><br><a href=\"https:\/\/www.dnvsport.sk\/wp-content\/uploads\/2015\/01\/DNV_\u0160PORT_prijat\u00e9_fakt\u00fary-10-2016.pdf\">DNV \u0160PORT prijat\u00e9 fakt\u00fary 10 &#8211; 2016<\/a><a href=\"https:\/\/www.dnvsport.sk\/wp-content\/uploads\/2015\/01\/DNV-\u0160PORT-Prijat\u00e9-fakt\u00fary-2011.pdf\"><br><\/a><a href=\"https:\/\/www.dnvsport.sk\/wp-content\/uploads\/2015\/01\/DNV_\u0160PORT_prijat\u00e9_fakt\u00fary_11-2016.pdf\">DNV \u0160PORT prijat\u00e9 fakt\u00fary 11 &#8211; 2016<\/a><br><a href=\"https:\/\/www.dnvsport.sk\/wp-content\/uploads\/2015\/01\/DNV-\u0160PORT-prijat\u00e9-fakt\u00fary-12-2016.pdf\">DNV \u0160PORT prijat\u00e9 fakt\u00fary 12 &#8211; 2016<\/a><a href=\"https:\/\/www.dnvsport.sk\/wp-content\/uploads\/2015\/01\/DNV-\u0160PORT-prijat\u00e9-fakt\u00fary-01-2017.pdf\"><br>DNV \u0160PORT prijat\u00e9 fakt\u00fary 01-2017<\/a><br><a href=\"https:\/\/www.dnvsport.sk\/wp-content\/uploads\/2015\/01\/DNV-\u0160PORT-prijat\u00e9-fakt\u00fary-02-2017.pdf\">DNV \u0160PORT prijat\u00e9 fakt\u00fary 02-2017<\/a><br><a href=\"https:\/\/www.dnvsport.sk\/wp-content\/uploads\/2015\/01\/DNV-\u0160PORT-prijat\u00e9-fakt\u00fary-03-2017.pdf\">DNV \u0160PORT prijat\u00e9 fakt\u00fary 03-2017<\/a><br><a href=\"https:\/\/www.dnvsport.sk\/wp-content\/uploads\/2015\/01\/DNV-\u0160PORT-prijat\u00e9-fakt\u00fary-04-2017.pdf\">DNV \u0160PORT prijat\u00e9 fakt\u00fary 04-2017<\/a><br><a href=\"https:\/\/www.dnvsport.sk\/wp-content\/uploads\/2015\/01\/DNV-\u0160PORT-prijat\u00e9-fakt\u00fary-05-2017.pdf\">DNV \u0160PORT prijat\u00e9 fakt\u00fary 05-2017<\/a><br><a href=\"https:\/\/www.dnvsport.sk\/wp-content\/uploads\/2015\/01\/DNV-\u0160PORT-prijat\u00e9-fakt\u00fary-06-2017.pdf\">DNV \u0160PORT prijat\u00e9 fakt\u00fary 06-2017<\/a><br><a href=\"https:\/\/www.dnvsport.sk\/wp-content\/uploads\/2015\/01\/DNV-\u0160PORT-prijat\u00e9-fakt\u00fary-07-2017.pdf\">DNV \u0160PORT prijat\u00e9 fakt\u00fary 07-2017<\/a><br><a href=\"https:\/\/www.dnvsport.sk\/wp-content\/uploads\/2015\/01\/DNV-\u0160PORT-prijat\u00e9-fakt\u00fary-08-2017.pdf\">DNV \u0160PORT prijat\u00e9 fakt\u00fary 08-2017<\/a><br><a href=\"https:\/\/www.dnvsport.sk\/wp-content\/uploads\/2015\/01\/DNV-\u0160PORT-prijat\u00e9-fakt\u00fary-09-2017.pdf\">DNV \u0160PORT prijat\u00e9 fakt\u00fary 09-2017<\/a><br><a href=\"https:\/\/www.dnvsport.sk\/wp-content\/uploads\/2015\/01\/DNV-\u0160PORT-prijat\u00e9-fakt\u00fary-10-2017.pdf\">DNV \u0160PORT prijat\u00e9 fakt\u00fary 10-2017<\/a><br><a href=\"https:\/\/www.dnvsport.sk\/wp-content\/uploads\/2015\/01\/DNV-\u0160PORT-prijat\u00e9-fakt\u00fary-11-2017.pdf\">DNV \u0160PORT prijat\u00e9 fakt\u00fary 11-2017<\/a><br><a href=\"https:\/\/www.dnvsport.sk\/wp-content\/uploads\/2018\/03\/DNV-\u0160PORT-prijat\u00e9-fakt\u00fary-12-2017.pdf\">DNV \u0160PORT prijat\u00e9 fakt\u00fary 12-2017<\/a><br><a href=\"https:\/\/www.dnvsport.sk\/wp-content\/uploads\/2018\/03\/DNV-\u0160PORT-prijat\u00e9-fakt\u00fary-01-2018.pdf\">DNV \u0160PORT prijat\u00e9 fakt\u00fary 01-2018<\/a><br><a href=\"https:\/\/www.dnvsport.sk\/wp-content\/uploads\/2018\/05\/DNV-\u0160PORT-prijat\u00e9-fakt\u00fary-02-2018.pdf\">DNV \u0160PORT prijat\u00e9 fakt\u00fary 02-2018<\/a><br><a href=\"https:\/\/www.dnvsport.sk\/wp-content\/uploads\/2018\/05\/DNV-\u0160PORT-prijat\u00e9-fakt\u00fary-03-2018.pdf\">DNV \u0160PORT prijat\u00e9 fakt\u00fary 03-2018<\/a><br><a href=\"https:\/\/www.dnvsport.sk\/wp-content\/uploads\/2018\/05\/DNV-\u0160PORT-prijat\u00e9-fakt\u00fary-04-2018.pdf\">DNV \u0160PORT prijat\u00e9 fakt\u00fary 04-2018<\/a><br><a href=\"https:\/\/www.dnvsport.sk\/wp-content\/uploads\/2018\/07\/DNV-\u0160PORT-prijat\u00e9-fakt\u00fary-05-2018.pdf\">DNV \u0160PORT prijat\u00e9 fakt\u00fary 05-2018<\/a><br><a href=\"https:\/\/www.dnvsport.sk\/wp-content\/uploads\/2018\/07\/DNV-\u0160PORT-prijat\u00e9-fakt\u00fary-06-2018.pdf\">DNV \u0160PORT prijat\u00e9 fakt\u00fary 06-2018<\/a><br><a href=\"https:\/\/www.dnvsport.sk\/wp-content\/uploads\/2018\/10\/DNV-\u0160PORT-prijat\u00e9-fakt\u00fary-07-2018.pdf\">DNV \u0160PORT prijat\u00e9 fakt\u00fary 07-2018<\/a><br><a href=\"https:\/\/www.dnvsport.sk\/wp-content\/uploads\/2018\/10\/DNV-\u0160PORT-prijat\u00e9-fakt\u00fary-08-2018.pdf\">DNV \u0160PORT prijat\u00e9 fakt\u00fary 08-2018<\/a><br><a href=\"https:\/\/www.dnvsport.sk\/wp-content\/uploads\/2018\/10\/DNV-\u0160PORT-prijat\u00e9-fakt\u00fary-09-2018.pdf\">DNV \u0160PORT prijat\u00e9 fakt\u00fary 09-2018<\/a><br><a href=\"https:\/\/www.dnvsport.sk\/wp-content\/uploads\/2019\/02\/DNV_\u0160PORT_prijat\u00e9_fakt\u00fary_10-2018.pdf\">DNV \u0160PORT prijat\u00e9 fakt\u00fary 10-2018<\/a><br><a href=\"https:\/\/www.dnvsport.sk\/wp-content\/uploads\/2019\/02\/DNV_\u0160PORT_prijat\u00e9_fakt\u00fary_11-2018.pdf\">DNV \u0160PORT prijat\u00e9 fakt\u00fary 11-2018<\/a><br><a href=\"https:\/\/www.dnvsport.sk\/wp-content\/uploads\/2019\/02\/DNV_\u0160PORT_prijat\u00e9_fakt\u00fary_12-2018.pdf\">DNV \u0160PORT prijat\u00e9 fakt\u00fary 12-2018<\/a><br><a href=\"https:\/\/www.dnvsport.sk\/wp-content\/uploads\/2019\/04\/DNV-\u0160PORT-Prijat\u00e9-fakt\u00fary-01-2019.pdf\">DNV \u0160PORT Prijat\u00e9 fakt\u00fary 01-2019<\/a><br><a href=\"https:\/\/www.dnvsport.sk\/wp-content\/uploads\/2019\/04\/DNV-\u0160PORT-Prijat\u00e9-fakt\u00fary-0102-2019.pdf\">DNV \u0160PORT Prijat\u00e9 fakt\u00fary 02-2019<\/a><br><a href=\"https:\/\/www.dnvsport.sk\/wp-content\/uploads\/2019\/06\/DNV-\u0160PORT-prijat\u00e9-fakt\u00fary-03-2019.pdf\">DNV \u0160PORT prijat\u00e9 fakt\u00fary 03-2019<\/a><br><a href=\"https:\/\/www.dnvsport.sk\/wp-content\/uploads\/2019\/06\/DNV-\u0160PORT-prijat\u00e9-fakt\u00fary-04-2019.pdf\">DNV \u0160PORT prijat\u00e9 fakt\u00fary 04-2019<\/a><br><a href=\"https:\/\/www.dnvsport.sk\/wp-content\/uploads\/2019\/09\/DNV-\u0160PORT-prijat\u00e9-fakt\u00fary-05-2019.pdf\">DNV \u0160PORT prijat\u00e9 fakt\u00fary 05-2019<\/a><br><a href=\"https:\/\/www.dnvsport.sk\/wp-content\/uploads\/2019\/09\/DNV-\u0160PORT-prijat\u00e9-fakt\u00fary-06-2019.pdf\">DNV \u0160PORT prijat\u00e9 fakt\u00fary 06-2019<\/a><br><a href=\"https:\/\/www.dnvsport.sk\/wp-content\/uploads\/2019\/09\/DNV-\u0160PORT-prijat\u00e9-fakt\u00fary-07-2019.pdf\">DNV \u0160PORT prijat\u00e9 fakt\u00fary 07-2019<\/a><br><a href=\"https:\/\/www.dnvsport.sk\/wp-content\/uploads\/2019\/09\/DNV-\u0160PORT-prijat\u00e9-fakt\u00fary-08-2019.pdf\">DNV \u0160PORT prijat\u00e9 fakt\u00fary 08-2019<\/a><br><a href=\"https:\/\/www.dnvsport.sk\/wp-content\/uploads\/2019\/12\/DNV-\u0160PORT-prijat\u00e9-fakt\u00fary-09-2019.pdf\">DNV \u0160PORT prijat\u00e9 fakt\u00fary 09-2019<\/a><br><a href=\"https:\/\/www.dnvsport.sk\/wp-content\/uploads\/2019\/12\/DNV-\u0160PORT-prijat\u00e9-fakt\u00fary-10-2019.pdf\">DNV \u0160PORT prijat\u00e9 fakt\u00fary 10-2019<\/a><br><a href=\"https:\/\/www.dnvsport.sk\/wp-content\/uploads\/2019\/12\/DNV-\u0160PORT-prijat\u00e9-fakt\u00fary-11-2019.pdf\">DNV \u0160PORT prijat\u00e9 fakt\u00fary 11-2019<\/a><br><a href=\"https:\/\/www.dnvsport.sk\/wp-content\/uploads\/2020\/05\/DNV-\u0160PORT-prijat\u00e9-fakt\u00fary-12-2019.pdf\">DNV \u0160PORT prijat\u00e9 fakt\u00fary 12-2019<\/a><br><a href=\"https:\/\/www.dnvsport.sk\/wp-content\/uploads\/2020\/05\/DNV-\u0160PORT-prijat\u00e9-fakt\u00fary-01-2020.pdf\">DNV \u0160PORT prijat\u00e9 fakt\u00fary 01-2020<\/a><br><a href=\"https:\/\/www.dnvsport.sk\/wp-content\/uploads\/2020\/05\/DNV-\u0160PORT-prijat\u00e9-fakt\u00fary-02-2020.pdf\">DNV \u0160PORT prijat\u00e9 fakt\u00fary 02-2020<\/a><br><a href=\"https:\/\/www.dnvsport.sk\/wp-content\/uploads\/2020\/05\/DNV-\u0160PORT-prijat\u00e9-fakt\u00fary-03-2020.pdf\">DNV \u0160PORT prijat\u00e9 fakt\u00fary 03-2020<\/a><br><a href=\"https:\/\/www.dnvsport.sk\/wp-content\/uploads\/2020\/07\/DNV-\u0160PORT-prijat\u00e9-fakt\u00fary-04-2020.pdf\">DNV \u0160PORT prijat\u00e9 fakt\u00fary 04-2020<\/a><br><a href=\"https:\/\/www.dnvsport.sk\/wp-content\/uploads\/2020\/07\/DNV-\u0160PORT-prijat\u00e9-fakt\u00fary-05-2020.pdf\">DNV \u0160PORT prijat\u00e9 fakt\u00fary 05-2020<\/a><br><a href=\"https:\/\/www.dnvsport.sk\/wp-content\/uploads\/2020\/07\/DNV-\u0160PORT-prijat\u00e9-fakt\u00fary-06-2020.pdf\">DNV \u0160PORT prijat\u00e9 fakt\u00fary 06-2020<\/a><br><a href=\"https:\/\/www.dnvsport.sk\/wp-content\/uploads\/2020\/09\/DNV-\u0160PORT-prijat\u00e9-fakt\u00fary-07-2020.pdf\">DNV \u0160PORT prijat\u00e9 fakt\u00fary 07-2020<\/a><br><a href=\"https:\/\/www.dnvsport.sk\/wp-content\/uploads\/2020\/09\/DNV-\u0160PORT-prijat\u00e9-fakt\u00fary-08-2020.pdf\">DNV \u0160PORT prijat\u00e9 fakt\u00fary 08-2020<\/a><br><a href=\"https:\/\/www.dnvsport.sk\/wp-content\/uploads\/2020\/12\/DNV-\u0160PORT-prijat\u00e9-fakt\u00fary-09-2020.pdf\">DNV \u0160PORT prijat\u00e9 fakt\u00fary 09-2020<\/a><br><a href=\"https:\/\/www.dnvsport.sk\/wp-content\/uploads\/2020\/12\/DNV-\u0160PORT-prijat\u00e9-fakt\u00fary-10-2020.pdf\">DNV \u0160PORT prijat\u00e9 fakt\u00fary 10-2020<\/a><br><a href=\"https:\/\/www.dnvsport.sk\/wp-content\/uploads\/2020\/12\/DNV-\u0160PORT-prijat\u00e9-fakt\u00fary-11-2020.pdf\">DNV \u0160PORT prijat\u00e9 fakt\u00fary 11-2020<\/a><br><a href=\"https:\/\/www.dnvsport.sk\/wp-content\/uploads\/2021\/04\/K\u00f3pia-DNV-\u0160PORT-prijat\u00e9-fakt\u00fary-12-2020-03-2021.pdf\">DNV \u0160PORT prijat\u00e9 fakt\u00fary 12-2020 <\/a><br><a href=\"https:\/\/www.dnvsport.sk\/wp-content\/uploads\/2021\/04\/DNV-\u0160PORT-prijat\u00e9-fakt\u00fary-01-2021.pdf\">DNV \u0160PORT prijat\u00e9 fakt\u00fary 01-2021<\/a><br><a href=\"https:\/\/www.dnvsport.sk\/wp-con<strong&gt;tent\/uploads\/2021\/04\/DNV-\u0160PORT-prijat\u00e9-fakt\u00fary-02-2021.pdf\">DNV \u0160PORT prijat\u00e9 fakt\u00fary 02-2021<\/a><br><a href=\"https:\/\/www.dnvsport.sk\/wp-content\/uploads\/2021\/04\/DNV-\u0160PORT-prijat\u00e9-fakt\u00fary-03-2021.pdf\">DNV \u0160PORT prijat\u00e9 fakt\u00fary 03-2021<\/a><br><a href=\"https:\/\/www.dnvsport.sk\/wp-content\/uploads\/2021\/07\/DNV-\u0160PORT-prijat\u00e9-fakt\u00fary-04-2021.pdf\">DNV \u0160PORT prijat\u00e9 fakt\u00fary 04-2021<\/a><br><a href=\"https:\/\/www.dnvsport.sk\/wp-content\/uploads\/2021\/07\/DNV-\u0160PORT-prijat\u00e9-fakt\u00fary-05-2021.pdf\">DNV \u0160PORT prijat\u00e9 fakt\u00fary 05-2021<\/a><br><a href=\"https:\/\/www.dnvsport.sk\/wp-content\/uploads\/2021\/07\/DNV-\u0160PORT-prijat\u00e9-fakt\u00fary-06-2021-.pdf\">DNV \u0160PORT prijat\u00e9 fakt\u00fary 06-2021<\/a><br><a href=\"https:\/\/www.dnvsport.sk\/wp-content\/uploads\/2021\/09\/DNV-\u0160PORT-prijat\u00e9-fakt\u00fary-07-2021.pdf\">DNV \u0160PORT prijat\u00e9 fakt\u00fary 07-2021<\/a>\u00a0<br><a href=\"https:\/\/www.dnvsport.sk\/wp-content\/uploads\/2021\/09\/DNV-\u0160PORT-prijat\u00e9-fakt\u00fary-08-2021.pdf\">DNV \u0160PORT prijat\u00e9 fakt\u00fary 08-2021<\/a><br><a href=\"https:\/\/www.dnvsport.sk\/wp-content\/uploads\/2021\/11\/DNV-\u0160PORT-prijat\u00e9-fakt\u00fary-09-2021.pdf\">DNV \u0160PORT prijat\u00e9 fakt\u00fary 09-2021<\/a><br><a href=\"https:\/\/www.dnvsport.sk\/wp-content\/uploads\/2021\/11\/DNV-\u0160PORT-prijat\u00e9-fakt\u00fary-10-2021.pdf\">DNV \u0160PORT prijat\u00e9 fakt\u00fary 10-2021<\/a><br><a href=\"https:\/\/www.dnvsport.sk\/wp-content\/uploads\/2022\/02\/DNV-SPORT-prijate-faktury-11-2021-1-3.pdf\">DNV \u0160PORT prijat\u00e9 fakt\u00fary 11-2021<\/a><br><a href=\"https:\/\/www.dnvsport.sk\/wp-content\/uploads\/2022\/02\/DNV-SPORT-prijate-faktury-12-2021.pdf\">DNV \u0160PORT prijat\u00e9 fakt\u00fary 12-2021<\/a><br><a href=\"https:\/\/www.dnvsport.sk\/wp-content\/uploads\/2022\/09\/DNV-SPORT-prijate-faktury-01-2022-05-2022.pdf\">DNV \u0160PORT prijat\u00e9 fakt\u00fary 01-2022 &#8211; 05-2022<\/a><br><a href=\"https:\/\/www.dnvsport.sk\/wp-content\/uploads\/2023\/01\/DNV-SPORT-prijate-faktury012022-122022.pdf\">DNV \u0160PORT prijat\u00e9 fakt\u00fary012022-122022<\/a><br><a href=\"https:\/\/www.dnvsport.sk\/wp-content\/uploads\/2024\/01\/DNV-SPORT-prijate-faktury-01-12-2023-.pdf\">DNV \u0160PORT prijat\u00e9 fakt\u00fary 01-12-2023<\/a><br><a href=\"https:\/\/www.dnvsport.sk\/wp-content\/uploads\/2025\/01\/DNV-SPORT-prijate-faktury-01-12-2024.pdf\">DNV \u0160PORT prijat\u00e9 fakt\u00fary 01-12-2024<\/a><br><a href=\"https:\/\/www.dnvsport.sk\/wp-content\/uploads\/2025\/11\/faktury1-9-2025.pdf\">DNV \u0160PORT prijat\u00e9 fakt\u00fary 2025<\/a><br><a href=\"https:\/\/www.dnvsport.sk\/wp-content\/uploads\/2026\/01\/faktury-1-12-2025-.pdf\">DNV \u0160PORT fakt\u00fary 1-12\/2025<\/a><\/p>\n\n\n\n<p><\/p>\n","protected":false},"excerpt":{"rendered":"<p>DNV \u0160PORT Prijat\u00e9 fakt\u00fary 2011DNV \u0160PORT Prijat\u00e9 fakt\u00fary 2012DNV \u0160PORT Prijat\u00e9 fakt\u00fary 2013DNV \u0160PORT Prijat\u00e9 fakt\u00fary 2014DNV \u0160PORT prijat\u00e9 fakt\u00fary<span class=\"ellipsis\">&hellip;<a href=\"https:\/\/www.dnvsport.sk\/?page_id=86\"> Pokra\u010dova\u0165 v \u010d\u00edtan\u00ed &#8250;&#8250;<\/a><\/span><\/p>\n","protected":false},"author":1,"featured_media":0,"parent":181,"menu_order":3,"comment_status":"closed","ping_status":"closed","template":"","meta":{"footnotes":""},"class_list":["post-86","page","type-page","status-publish","hentry"],"_links":{"self":[{"href":"https:\/\/www.dnvsport.sk\/index.php?rest_route=\/wp\/v2\/pages\/86","targetHints":{"allow":["GET"]}}],"collection":[{"href":"https:\/\/www.dnvsport.sk\/index.php?rest_route=\/wp\/v2\/pages"}],"about":[{"href":"https:\/\/www.dnvsport.sk\/index.php?rest_route=\/wp\/v2\/types\/page"}],"author":[{"embeddable":true,"href":"https:\/\/www.dnvsport.sk\/index.php?rest_route=\/wp\/v2\/users\/1"}],"replies":[{"embeddable":true,"href":"https:\/\/www.dnvsport.sk\/index.php?rest_route=%2Fwp%2Fv2%2Fcomments&post=86"}],"version-history":[{"count":107,"href":"https:\/\/www.dnvsport.sk\/index.php?rest_route=\/wp\/v2\/pages\/86\/revisions"}],"predecessor-version":[{"id":1258,"href":"https:\/\/www.dnvsport.sk\/index.php?rest_route=\/wp\/v2\/pages\/86\/revisions\/1258"}],"up":[{"embeddable":true,"href":"https:\/\/www.dnvsport.sk\/index.php?rest_route=\/wp\/v2\/pages\/181"}],"wp:attachment":[{"href":"https:\/\/www.dnvsport.sk\/index.php?rest_route=%2Fwp%2Fv2%2Fmedia&parent=86"}],"curies":[{"name":"wp","href":"https:\/\/api.w.org\/{rel}","templated":true}]}}